{"id":35,"date":"2012-03-09T11:55:12","date_gmt":"2012-03-09T10:55:12","guid":{"rendered":"http:\/\/www.tildamarleen.com\/de\/?page_id=35"},"modified":"2012-04-13T09:17:39","modified_gmt":"2012-04-13T08:17:39","slug":"verlag","status":"publish","type":"page","link":"https:\/\/www.tildamarleen.com\/de\/verlag\/","title":{"rendered":"verlag"},"content":{"rendered":"<p>Wir, Anna Karina Birkenstock und Caspar Armster, haben am 1.11.2011 unseren eigenen Verlag gegr\u00fcndet. Wir freuen uns sehr unter diesem Dach nun verschiedene, spannende und ungew\u00f6hnliche Projekte umsetzen zu k\u00f6nnen, die bisher nur in unserer &#8220;Ideen&#8221;-Schublade schlummerten.<\/p>\n<p><a title=\"Tilda Marleen Verlag GbR - Team\" href=\"https:\/\/www.tildamarleen.com\/de\/team\">Anna Karina Birkenstock<\/a> arbeitet schon seit\u00a02003 erfolgreich\u00a0als\u00a0Kinderbuchautorin &amp; Illustratorin f\u00fcr namhafte deutschen Verlagen. Insbesondere ihr Medienkunst Studium an der HfG Karlsruhe, sowie die voraus gegangene Ausbildung zur Mediengestalterin Bild&amp;Ton in K\u00f6ln erm\u00f6glichen es ihr auch au\u00dferhalb der traditionellen Pfade des Mediums &#8220;Buch&#8221; zu arbeiten und die Grenze zum digitalen Medium zu \u00fcberbr\u00fccken.<\/p>\n<p><a title=\"Tilda Marleen Verlag GbR - Team\" href=\"https:\/\/www.tildamarleen.com\/de\/team\">Caspar Armster<\/a>, ehemaliger Teilhaber an einer Design, Animation &amp; New Media Agentur, ist zurzeit, neben der Verlagsarbeit, als Designer im Setdesign, Messe- &amp; Innenarchitektur freiberuflich t\u00e4tig. Sein Know-how beinhaltet das Marketing &amp; Vertrieb, sowie die Umsetzung der Schnittstellen der Konvergenz der verschiedenen Medien.<\/p>\n","protected":false},"excerpt":{"rendered":"<p>Wir, Anna Karina Birkenstock und Caspar Armster, haben am 1.11.2011 unseren eigenen Verlag gegr\u00fcndet. Wir freuen uns sehr unter diesem Dach nun verschiedene, spannende und ungew\u00f6hnliche Projekte umsetzen zu k\u00f6nnen, die bisher nur in unserer &#8220;Ideen&#8221;-Schublade schlummerten.&#46;&#46;&#46;<\/p>\n","protected":false},"author":1,"featured_media":0,"parent":0,"menu_order":0,"comment_status":"closed","ping_status":"closed","template":"","meta":{"footnotes":""},"class_list":["post-35","page","type-page","status-publish","hentry"],"_links":{"self":[{"href":"https:\/\/www.tildamarleen.com\/de\/wp-json\/wp\/v2\/pages\/35","targetHints":{"allow":["GET"]}}],"collection":[{"href":"https:\/\/www.tildamarleen.com\/de\/wp-json\/wp\/v2\/pages"}],"about":[{"href":"https:\/\/www.tildamarleen.com\/de\/wp-json\/wp\/v2\/types\/page"}],"author":[{"embeddable":true,"href":"https:\/\/www.tildamarleen.com\/de\/wp-json\/wp\/v2\/users\/1"}],"replies":[{"embeddable":true,"href":"https:\/\/www.tildamarleen.com\/de\/wp-json\/wp\/v2\/comments?post=35"}],"version-history":[{"count":13,"href":"https:\/\/www.tildamarleen.com\/de\/wp-json\/wp\/v2\/pages\/35\/revisions"}],"predecessor-version":[{"id":454,"href":"https:\/\/www.tildamarleen.com\/de\/wp-json\/wp\/v2\/pages\/35\/revisions\/454"}],"wp:attachment":[{"href":"https:\/\/www.tildamarleen.com\/de\/wp-json\/wp\/v2\/media?parent=35"}],"curies":[{"name":"wp","href":"https:\/\/api.w.org\/{rel}","templated":true}]}}