{"id":212,"date":"2012-03-26T13:02:23","date_gmt":"2012-03-26T12:02:23","guid":{"rendered":"http:\/\/www.tildamarleen.com\/de\/?page_id=212"},"modified":"2015-01-05T14:37:38","modified_gmt":"2015-01-05T13:37:38","slug":"konzept","status":"publish","type":"page","link":"https:\/\/www.tildamarleen.com\/de\/verlag\/konzept\/","title":{"rendered":"konzept"},"content":{"rendered":"<p><strong>Inhalte:<\/strong><br \/>\nWir ver\u00f6ffentlichen B\u00fccher f\u00fcr selbstbewusste und selbstbestimmte Kinder und jung gebliebene Erwachsene. Wir glauben dass auch sehr junge Menschen schon Schl\u00fcsse ziehen, Lebensumst\u00e4nde reflektieren oder komplexe Situationen wahrnehmen k\u00f6nnen. Wir nehmen junge Menschen in ihren Fragen und Vorstellungen ernst und wollen mit qualitativ hochwertigen Texten und Bilder Spa\u00df an der vielf\u00e4ltigen Welt der B\u00fccher wecken.<\/p>\n<p>Das Medium &#8220;E-Book&#8221; bietet sich f\u00fcr solche Aufgabenstellungen an, erlaubt es doch weitere Darstellungsformen, neben dem gewohnten Text und Bildern, zu integrieren. Sei es durch gesprochene Sprache, bewegten Elementen oder Interaktivit\u00e4t.<\/p>\n<p><strong>DRM:<\/strong><br \/>\nDabei lehnen wir ein so genanntes &#8220;Vendor Lock-in&#8221; (die Einsperrung auf eine Herstellerplattform) v\u00f6llig ab. Unsere E-Books gibt es f\u00fcr die unterschiedlichsten Plattformen und v\u00f6llig ohne DRM, egal ob bei Apple, Amazon oder bei Minimore.<\/p>\n<p><strong>Kinderschutz:<\/strong><br \/>\nWeiterhin verzichten wir auf jegliche Links zu externen Webseiten oder Stores innerhalb unserer E-Books &amp; Apps und auch sogenannte &#8220;In App&#8221; Verk\u00e4ufe unterst\u00fctzen wir nicht. Wir m\u00f6chten dass unsere Kinder frei von Werbung Dritter die Inhalte genie\u00dfen k\u00f6nnen und Sie als engagierte Eltern m\u00f6chten das f\u00fcr Ihre Kinder sicherlich auch. Daher sind weiterf\u00fchrende und vertiefende Webseiten von uns nicht direkt verlinkt, sondern nur als URL ausgeschrieben, so dass Sie diese abtippen m\u00fcssen um die Webseiten zu erreichen &#8211; kein Kind kann dort aus Versehen per Klick ins Internet wechseln. Wir sind aus diesem Grund Mitunterzeichner des <a title=\"The Children's App Manifesto\" href=\"http:\/\/childrensappmanifesto.net\/\">&#8220;Children&#8217;s App Manifesto&#8221;<\/a>, wo sich Verlage, Vertriebler, Entwickler, etc. genau zu solchen vorher genannten Grunds\u00e4tzen freiwillig verpflichten.<\/p>\n","protected":false},"excerpt":{"rendered":"<p>Inhalte: Wir ver\u00f6ffentlichen B\u00fccher f\u00fcr selbstbewusste und selbstbestimmte Kinder und jung gebliebene Erwachsene. Wir glauben dass auch sehr junge Menschen schon Schl\u00fcsse ziehen, Lebensumst\u00e4nde reflektieren oder komplexe Situationen wahrnehmen k\u00f6nnen. Wir nehmen junge Menschen in ihren Fragen&#46;&#46;&#46;<\/p>\n","protected":false},"author":1,"featured_media":0,"parent":35,"menu_order":0,"comment_status":"closed","ping_status":"closed","template":"","meta":{"footnotes":""},"class_list":["post-212","page","type-page","status-publish","hentry"],"_links":{"self":[{"href":"https:\/\/www.tildamarleen.com\/de\/wp-json\/wp\/v2\/pages\/212","targetHints":{"allow":["GET"]}}],"collection":[{"href":"https:\/\/www.tildamarleen.com\/de\/wp-json\/wp\/v2\/pages"}],"about":[{"href":"https:\/\/www.tildamarleen.com\/de\/wp-json\/wp\/v2\/types\/page"}],"author":[{"embeddable":true,"href":"https:\/\/www.tildamarleen.com\/de\/wp-json\/wp\/v2\/users\/1"}],"replies":[{"embeddable":true,"href":"https:\/\/www.tildamarleen.com\/de\/wp-json\/wp\/v2\/comments?post=212"}],"version-history":[{"count":16,"href":"https:\/\/www.tildamarleen.com\/de\/wp-json\/wp\/v2\/pages\/212\/revisions"}],"predecessor-version":[{"id":932,"href":"https:\/\/www.tildamarleen.com\/de\/wp-json\/wp\/v2\/pages\/212\/revisions\/932"}],"up":[{"embeddable":true,"href":"https:\/\/www.tildamarleen.com\/de\/wp-json\/wp\/v2\/pages\/35"}],"wp:attachment":[{"href":"https:\/\/www.tildamarleen.com\/de\/wp-json\/wp\/v2\/media?parent=212"}],"curies":[{"name":"wp","href":"https:\/\/api.w.org\/{rel}","templated":true}]}}